{"id":42249,"date":"2016-03-05T13:47:02","date_gmt":"2016-03-05T16:47:02","guid":{"rendered":"http:\/\/tudosites.com\/demo\/wordpress\/portal2016\/?page_id=218"},"modified":"2023-06-02T11:35:44","modified_gmt":"2023-06-02T14:35:44","slug":"contato","status":"publish","type":"page","link":"https:\/\/panoramalavrense.com.br\/enciclopedia\/contato\/","title":{"rendered":"Contato"},"content":{"rendered":"\t\t<div data-elementor-type=\"wp-page\" data-elementor-id=\"42249\" class=\"elementor elementor-42249\">\n\t\t\t\t\t\t<\/div>\n\t\t","protected":false},"excerpt":{"rendered":"<p>Contato FALE CONOSO E ANUNCIE Preencha o formul\u00e1rio abaixo para falar conosco e solicitar o cadastro para divulga\u00e7\u00e3o no Virou Not\u00edcias Acervo Digital &#8211; Obitu\u00e1rio &#8211; Rota Rural &#8211; Publica\u00e7\u00f5es Legais- Guia Comercial &#8211; Eventos ENVIAR Enviado com sucesso An error occured. (63) 99207-0047 (63) 98408-0578 naldobotelho@hotmail.com<\/p>\n","protected":false},"author":3,"featured_media":0,"parent":0,"menu_order":0,"comment_status":"closed","ping_status":"closed","template":"page-templates\/no-wrapper.php","meta":{"footnotes":""},"class_list":["post-42249","page","type-page","status-publish"],"yoast_head":"<!-- This site is optimized with the Yoast SEO plugin v25.1 - https:\/\/yoast.com\/wordpress\/plugins\/seo\/ -->\n<title>Contato - Seu Portal de Not\u00edcias<\/title>\n<meta name=\"robots\" content=\"index, follow, max-snippet:-1, max-image-preview:large, max-video-preview:-1\" \/>\n<link rel=\"canonical\" href=\"https:\/\/panoramalavrense.com.br\/enciclopedia\/contato\/\" \/>\n<meta property=\"og:locale\" content=\"pt_BR\" \/>\n<meta property=\"og:type\" content=\"article\" \/>\n<meta property=\"og:title\" content=\"Contato - Seu Portal de Not\u00edcias\" \/>\n<meta property=\"og:description\" content=\"Contato FALE CONOSO E ANUNCIE Preencha o formul\u00e1rio abaixo para falar conosco e solicitar o cadastro para divulga\u00e7\u00e3o no Virou Not\u00edcias Acervo Digital &#8211; Obitu\u00e1rio &#8211; Rota Rural &#8211; Publica\u00e7\u00f5es Legais- Guia Comercial &#8211; Eventos ENVIAR Enviado com sucesso An error occured. (63) 99207-0047 (63) 98408-0578 naldobotelho@hotmail.com\" \/>\n<meta property=\"og:url\" content=\"https:\/\/panoramalavrense.com.br\/enciclopedia\/contato\/\" \/>\n<meta property=\"og:site_name\" content=\"Seu Portal de Not\u00edcias\" \/>\n<meta property=\"article:modified_time\" content=\"2023-06-02T14:35:44+00:00\" \/>\n<meta property=\"og:image\" content=\"https:\/\/panoramalavrense.com.br\/enciclopedia\/wp-content\/uploads\/2023\/04\/png-publidade-2-1024x131.png\" \/>\n<meta name=\"twitter:card\" content=\"summary_large_image\" \/>\n<meta name=\"twitter:label1\" content=\"Est. tempo de leitura\" \/>\n\t<meta name=\"twitter:data1\" content=\"2 minutos\" \/>\n<script type=\"application\/ld+json\" class=\"yoast-schema-graph\">{\"@context\":\"https:\/\/schema.org\",\"@graph\":[{\"@type\":\"WebPage\",\"@id\":\"https:\/\/panoramalavrense.com.br\/enciclopedia\/contato\/\",\"url\":\"https:\/\/panoramalavrense.com.br\/enciclopedia\/contato\/\",\"name\":\"Contato - Seu Portal de Not\u00edcias\",\"isPartOf\":{\"@id\":\"https:\/\/panoramalavrense.com.br\/enciclopedia\/#website\"},\"primaryImageOfPage\":{\"@id\":\"https:\/\/panoramalavrense.com.br\/enciclopedia\/contato\/#primaryimage\"},\"image\":{\"@id\":\"https:\/\/panoramalavrense.com.br\/enciclopedia\/contato\/#primaryimage\"},\"thumbnailUrl\":\"https:\/\/panoramalavrense.com.br\/enciclopedia\/wp-content\/uploads\/2023\/04\/png-publidade-2-1024x131.png\",\"datePublished\":\"2016-03-05T16:47:02+00:00\",\"dateModified\":\"2023-06-02T14:35:44+00:00\",\"breadcrumb\":{\"@id\":\"https:\/\/panoramalavrense.com.br\/enciclopedia\/contato\/#breadcrumb\"},\"inLanguage\":\"pt-BR\",\"potentialAction\":[{\"@type\":\"ReadAction\",\"target\":[\"https:\/\/panoramalavrense.com.br\/enciclopedia\/contato\/\"]}]},{\"@type\":\"ImageObject\",\"inLanguage\":\"pt-BR\",\"@id\":\"https:\/\/panoramalavrense.com.br\/enciclopedia\/contato\/#primaryimage\",\"url\":\"https:\/\/panoramalavrense.com.br\/enciclopedia\/wp-content\/uploads\/2023\/04\/png-publidade-2.png\",\"contentUrl\":\"https:\/\/panoramalavrense.com.br\/enciclopedia\/wp-content\/uploads\/2023\/04\/png-publidade-2.png\",\"width\":1858,\"height\":237},{\"@type\":\"BreadcrumbList\",\"@id\":\"https:\/\/panoramalavrense.com.br\/enciclopedia\/contato\/#breadcrumb\",\"itemListElement\":[{\"@type\":\"ListItem\",\"position\":1,\"name\":\"In\u00edcio\",\"item\":\"https:\/\/panoramalavrense.com.br\/enciclopedia\/\"},{\"@type\":\"ListItem\",\"position\":2,\"name\":\"Contato\"}]},{\"@type\":\"WebSite\",\"@id\":\"https:\/\/panoramalavrense.com.br\/enciclopedia\/#website\",\"url\":\"https:\/\/panoramalavrense.com.br\/enciclopedia\/\",\"name\":\"Seu Portal de Not\u00edcias\",\"description\":\"Modelo 11\",\"potentialAction\":[{\"@type\":\"SearchAction\",\"target\":{\"@type\":\"EntryPoint\",\"urlTemplate\":\"https:\/\/panoramalavrense.com.br\/enciclopedia\/?s={search_term_string}\"},\"query-input\":{\"@type\":\"PropertyValueSpecification\",\"valueRequired\":true,\"valueName\":\"search_term_string\"}}],\"inLanguage\":\"pt-BR\"}]}<\/script>\n<!-- \/ Yoast SEO plugin. -->","yoast_head_json":{"title":"Contato - Seu Portal de Not\u00edcias","robots":{"index":"index","follow":"follow","max-snippet":"max-snippet:-1","max-image-preview":"max-image-preview:large","max-video-preview":"max-video-preview:-1"},"canonical":"https:\/\/panoramalavrense.com.br\/enciclopedia\/contato\/","og_locale":"pt_BR","og_type":"article","og_title":"Contato - Seu Portal de Not\u00edcias","og_description":"Contato FALE CONOSO E ANUNCIE Preencha o formul\u00e1rio abaixo para falar conosco e solicitar o cadastro para divulga\u00e7\u00e3o no Virou Not\u00edcias Acervo Digital &#8211; Obitu\u00e1rio &#8211; Rota Rural &#8211; Publica\u00e7\u00f5es Legais- Guia Comercial &#8211; Eventos ENVIAR Enviado com sucesso An error occured. (63) 99207-0047 (63) 98408-0578 naldobotelho@hotmail.com","og_url":"https:\/\/panoramalavrense.com.br\/enciclopedia\/contato\/","og_site_name":"Seu Portal de Not\u00edcias","article_modified_time":"2023-06-02T14:35:44+00:00","og_image":[{"url":"https:\/\/panoramalavrense.com.br\/enciclopedia\/wp-content\/uploads\/2023\/04\/png-publidade-2-1024x131.png","type":"","width":"","height":""}],"twitter_card":"summary_large_image","twitter_misc":{"Est. tempo de leitura":"2 minutos"},"schema":{"@context":"https:\/\/schema.org","@graph":[{"@type":"WebPage","@id":"https:\/\/panoramalavrense.com.br\/enciclopedia\/contato\/","url":"https:\/\/panoramalavrense.com.br\/enciclopedia\/contato\/","name":"Contato - Seu Portal de Not\u00edcias","isPartOf":{"@id":"https:\/\/panoramalavrense.com.br\/enciclopedia\/#website"},"primaryImageOfPage":{"@id":"https:\/\/panoramalavrense.com.br\/enciclopedia\/contato\/#primaryimage"},"image":{"@id":"https:\/\/panoramalavrense.com.br\/enciclopedia\/contato\/#primaryimage"},"thumbnailUrl":"https:\/\/panoramalavrense.com.br\/enciclopedia\/wp-content\/uploads\/2023\/04\/png-publidade-2-1024x131.png","datePublished":"2016-03-05T16:47:02+00:00","dateModified":"2023-06-02T14:35:44+00:00","breadcrumb":{"@id":"https:\/\/panoramalavrense.com.br\/enciclopedia\/contato\/#breadcrumb"},"inLanguage":"pt-BR","potentialAction":[{"@type":"ReadAction","target":["https:\/\/panoramalavrense.com.br\/enciclopedia\/contato\/"]}]},{"@type":"ImageObject","inLanguage":"pt-BR","@id":"https:\/\/panoramalavrense.com.br\/enciclopedia\/contato\/#primaryimage","url":"https:\/\/panoramalavrense.com.br\/enciclopedia\/wp-content\/uploads\/2023\/04\/png-publidade-2.png","contentUrl":"https:\/\/panoramalavrense.com.br\/enciclopedia\/wp-content\/uploads\/2023\/04\/png-publidade-2.png","width":1858,"height":237},{"@type":"BreadcrumbList","@id":"https:\/\/panoramalavrense.com.br\/enciclopedia\/contato\/#breadcrumb","itemListElement":[{"@type":"ListItem","position":1,"name":"In\u00edcio","item":"https:\/\/panoramalavrense.com.br\/enciclopedia\/"},{"@type":"ListItem","position":2,"name":"Contato"}]},{"@type":"WebSite","@id":"https:\/\/panoramalavrense.com.br\/enciclopedia\/#website","url":"https:\/\/panoramalavrense.com.br\/enciclopedia\/","name":"Seu Portal de Not\u00edcias","description":"Modelo 11","potentialAction":[{"@type":"SearchAction","target":{"@type":"EntryPoint","urlTemplate":"https:\/\/panoramalavrense.com.br\/enciclopedia\/?s={search_term_string}"},"query-input":{"@type":"PropertyValueSpecification","valueRequired":true,"valueName":"search_term_string"}}],"inLanguage":"pt-BR"}]}},"_links":{"self":[{"href":"https:\/\/panoramalavrense.com.br\/enciclopedia\/wp-json\/wp\/v2\/pages\/42249","targetHints":{"allow":["GET"]}}],"collection":[{"href":"https:\/\/panoramalavrense.com.br\/enciclopedia\/wp-json\/wp\/v2\/pages"}],"about":[{"href":"https:\/\/panoramalavrense.com.br\/enciclopedia\/wp-json\/wp\/v2\/types\/page"}],"author":[{"embeddable":true,"href":"https:\/\/panoramalavrense.com.br\/enciclopedia\/wp-json\/wp\/v2\/users\/3"}],"replies":[{"embeddable":true,"href":"https:\/\/panoramalavrense.com.br\/enciclopedia\/wp-json\/wp\/v2\/comments?post=42249"}],"version-history":[{"count":93,"href":"https:\/\/panoramalavrense.com.br\/enciclopedia\/wp-json\/wp\/v2\/pages\/42249\/revisions"}],"predecessor-version":[{"id":44099,"href":"https:\/\/panoramalavrense.com.br\/enciclopedia\/wp-json\/wp\/v2\/pages\/42249\/revisions\/44099"}],"wp:attachment":[{"href":"https:\/\/panoramalavrense.com.br\/enciclopedia\/wp-json\/wp\/v2\/media?parent=42249"}],"curies":[{"name":"wp","href":"https:\/\/api.w.org\/{rel}","templated":true}]}}